{"id":1241,"date":"2022-07-04T14:34:57","date_gmt":"2022-07-04T12:34:57","guid":{"rendered":"https:\/\/saranastia.eus\/commence-a-jouer\/"},"modified":"2022-07-05T15:24:17","modified_gmt":"2022-07-05T13:24:17","slug":"commence-a-jouer","status":"publish","type":"page","link":"https:\/\/saranastia.eus\/fr\/commence-a-jouer\/","title":{"rendered":"Commence \u00e0 jouer"},"content":{"rendered":"<div class=\"fusion-fullwidth fullwidth-box fusion-builder-row-1 fusion-flex-container nonhundred-percent-fullwidth non-hundred-percent-height-scrolling\" style=\"--awb-border-radius-top-left:0px;--awb-border-radius-top-right:0px;--awb-border-radius-bottom-right:0px;--awb-border-radius-bottom-left:0px;--awb-padding-top:90px;--awb-padding-bottom:0px;\" ><div class=\"fusion-builder-row fusion-row fusion-flex-align-items-flex-start fusion-flex-justify-content-center\" style=\"max-width:1248px;margin-left: calc(-4% \/ 2 );margin-right: calc(-4% \/ 2 );\"><div class=\"fusion-layout-column fusion_builder_column fusion-builder-column-0 fusion_builder_column_3_4 3_4 fusion-flex-column fusion-animated\" style=\"--awb-padding-bottom:66px;--awb-bg-size:cover;--awb-width-large:75%;--awb-margin-top-large:0px;--awb-spacing-right-large:2.56%;--awb-margin-bottom-large:0px;--awb-spacing-left-large:2.56%;--awb-width-medium:75%;--awb-order-medium:0;--awb-spacing-right-medium:2.56%;--awb-spacing-left-medium:2.56%;--awb-width-small:100%;--awb-order-small:0;--awb-spacing-right-small:1.92%;--awb-spacing-left-small:1.92%;\" data-animationType=\"fadeInDown\" data-animationDuration=\"1.0\" data-animationOffset=\"top-into-view\"><div class=\"fusion-column-wrapper fusion-column-has-shadow fusion-flex-justify-content-flex-start fusion-content-layout-column\"><div class=\"fusion-text fusion-text-1\" style=\"--awb-content-alignment:center;--awb-font-size:var(--awb-typography2-font-size);--awb-line-height:var(--awb-typography2-line-height);--awb-letter-spacing:var(--awb-typography2-letter-spacing);--awb-text-transform:var(--awb-typography2-text-transform);--awb-text-color:var(--awb-color7);--awb-text-font-family:var(--awb-typography2-font-family);--awb-text-font-weight:var(--awb-typography2-font-weight);--awb-text-font-style:var(--awb-typography2-font-style);\"><p>Jeux de piste \u00e0 Sare<\/p>\n<\/div><div class=\"fusion-title title fusion-title-1 fusion-sep-none fusion-title-center fusion-title-text fusion-title-size-two\" style=\"--awb-margin-top:0px;--awb-margin-bottom:30px;--awb-font-size:var(--awb-typography1-font-size);\"><h2 class=\"title-heading-center\" style=\"font-family:var(--awb-typography1-font-family);font-weight:var(--awb-typography1-font-weight);font-style:var(--awb-typography1-font-style);margin:0;font-size:1em;letter-spacing:var(--awb-typography1-letter-spacing);text-transform:var(--awb-typography1-text-transform);line-height:var(--awb-typography1-line-height);\">Commence \u00e0 jouer<\/h2><\/div><div class=\"fusion-text fusion-text-2\" style=\"--awb-content-alignment:justify;\"><p class=\"gmail-Standard\" style=\"text-align: justify;\">Saran astia est la devise du village de Sare mais aussi le nom d\u2019un jeu de piste imagin\u00e9 par les parents d\u2019Olhain Ikastola, \u00e9cole immersive en langue basque.<\/p>\n<p class=\"gmail-Standard\" style=\"text-align: justify;\">Il s&rsquo;agit d&rsquo;un parcours p\u00e9destre et familial de 2h30 au c\u0153ur du village de Sare vous proposant de prendre le temps de d\u00e9couvrir notre village, son histoire, sa culture et sa langue de mani\u00e8re ludique.<\/p>\n<p class=\"gmail-Standard\" style=\"text-align: justify;\">Pour jouer il suffit de vous rendre au bureau d\u2019accueil touristique de Sare, et pour 10\u20ac par famille, il vous sera remis un myst\u00e9rieux courrier qui apparemment n\u2019a jamais trouv\u00e9 son destinataire.<\/p>\n<p class=\"gmail-Standard\" style=\"text-align: justify;\">Dans cette enveloppe, vous trouverez une lettre, un recueil d\u2019\u00e9nigmes en 12 \u00e9tapes ainsi qu\u2019un croquis repr\u00e9sentant une carte pour vous aider \u00e0 vous orienter dans le village vous permettant de d\u00e9couvrir un tr\u00e9sor cach\u00e9.<\/p>\n<p class=\"gmail-Standard\" style=\"text-align: justify;\">\u00c0 chacune de ces 12 \u00e9tapes, 2 \u00e9nigmes vous seront propos\u00e9es :<\/p>\n<p style=\"text-align: justify;\">La premi\u00e8re sera, soit une \u00e9nigme \u00ab infos\/culture \u00bb pour enrichir votre culture personnelle, soit une \u00e9nigme \u00ab tr\u00e9sor \u00bb vous permettant de d\u00e9couvrir un des 7 mots-clefs utiles \u00e0 la r\u00e9solution de l&rsquo;\u00e9nigme finale.<\/p>\n<p style=\"text-align: left;\">La seconde sera une \u00e9nigme \u00ab orientation \u00bb vous permettant de d\u00e9couvrir la destination de l\u2019\u00e9tape suivante.<\/p>\n<p class=\"gmail-Standard\" style=\"text-align: justify;\">A c\u00f4t\u00e9 de chacun des titres des \u00e9nigmes, un symbole vous indiquera de quel type d\u2019\u00e9nigme il s\u2019agit (infos\/tr\u00e9sor\/orientation).<\/p>\n<p class=\"gmail-Standard\" style=\"text-align: justify;\">Nous vous conseillons de noter chacun des 7 mots clefs \u00ab tr\u00e9sor \u00bb \u00e0 l\u2019endroit pr\u00e9vu \u00e0 cet effet pour faciliter la r\u00e9solution de l\u2019\u00e9nigme finale.<\/p>\n<p class=\"gmail-Standard\" style=\"text-align: justify;\">Tous les mots clefs \u00e0 trouver sont en basque.<\/p>\n<p class=\"gmail-Standard\" style=\"text-align: justify;\">Un lexique vous aidera aussi \u00e0 les traduire.<\/p>\n<p class=\"gmail-Standard\" style=\"text-align: justify;\">Lors de votre parcours, nous vous demandons de respecter tous les lieux et les personnes que vous croiserez. N\u2019h\u00e9sitez pas \u00e0 les solliciter, ils pourront certainement vous aider \u00e0 vous orienter dans le village.<\/p>\n<p class=\"gmail-Standard\" style=\"text-align: justify;\">Pour r\u00e9soudre la totalit\u00e9 des \u00e9nigmes, vous aurez besoin du contenu de l\u2019enveloppe ainsi que d\u2019un stylo pour prendre des notes et \u00e9crire les mots-clefs d\u00e9couverts.<\/p>\n<p class=\"gmail-Standard\" style=\"text-align: justify;\">Un smartphone \u00e9quip\u00e9 d\u2019une application de scan de QR code vous permettra de valider l\u2019\u00e9nigme finale et acc\u00e9der \u00e0 la conclusion du jeu.<\/p>\n<p class=\"gmail-Standard\" style=\"text-align: justify;\">Vous pourrez \u00e9galement l\u2019utiliser pour scanner les QR codes r\u00e9partis sur le parcours et obtenir des informations compl\u00e9mentaires sur les sujets abord\u00e9s.<\/p>\n<p class=\"gmail-Standard\" style=\"text-align: justify;\">Vous trouverez une connexion Wifi gratuite au pied de la mairie et du bureau d\u2019accueil touristique pour t\u00e9l\u00e9charger une application de scan de QR code depuis l\u2019Apple Store \/ Play Store\/&#8230;<\/p>\n<p class=\"gmail-Standard\" style=\"text-align: justify;\">Il ne vous reste plus qu\u2019\u00e0 vous procurer le myst\u00e9rieux courrier au bureau d\u2019accueil touristique, l\u2019ouvrir et profiter, sans oublier la devise du village \u00ab Saran astia \u00bb, donc \u2026<\/p>\n<\/div><\/div><\/div><\/div><\/div>\n","protected":false},"excerpt":{"rendered":"","protected":false},"author":1,"featured_media":0,"parent":0,"menu_order":0,"comment_status":"closed","ping_status":"closed","template":"","meta":{"footnotes":""},"class_list":["post-1241","page","type-page","status-publish","hentry"],"_links":{"self":[{"href":"https:\/\/saranastia.eus\/fr\/wp-json\/wp\/v2\/pages\/1241","targetHints":{"allow":["GET"]}}],"collection":[{"href":"https:\/\/saranastia.eus\/fr\/wp-json\/wp\/v2\/pages"}],"about":[{"href":"https:\/\/saranastia.eus\/fr\/wp-json\/wp\/v2\/types\/page"}],"author":[{"embeddable":true,"href":"https:\/\/saranastia.eus\/fr\/wp-json\/wp\/v2\/users\/1"}],"replies":[{"embeddable":true,"href":"https:\/\/saranastia.eus\/fr\/wp-json\/wp\/v2\/comments?post=1241"}],"version-history":[{"count":3,"href":"https:\/\/saranastia.eus\/fr\/wp-json\/wp\/v2\/pages\/1241\/revisions"}],"predecessor-version":[{"id":1244,"href":"https:\/\/saranastia.eus\/fr\/wp-json\/wp\/v2\/pages\/1241\/revisions\/1244"}],"wp:attachment":[{"href":"https:\/\/saranastia.eus\/fr\/wp-json\/wp\/v2\/media?parent=1241"}],"curies":[{"name":"wp","href":"https:\/\/api.w.org\/{rel}","templated":true}]}}